{"id":870,"date":"2023-06-29T11:23:11","date_gmt":"2023-06-29T08:23:11","guid":{"rendered":"https:\/\/snowman-multi.rktv.ee\/uk\/faq\/"},"modified":"2023-11-22T11:55:41","modified_gmt":"2023-11-22T08:55:41","slug":"kkk","status":"publish","type":"page","link":"https:\/\/snowman.eu\/et\/kkk\/","title":{"rendered":"KKK"},"content":{"rendered":"<section class=\"bg-dark faq-block\">\n    <div class=\"container bg-dark\">\n        <div class=\"faq-wrap\">\n                                            <div class=\"topic mb-64\">\n                    <h3 class=\"fs-18 color-orange font-sans fw-normal\">Snowmani \u00fchekordsed veibid<\/h3>\n\n                    <div class=\"questions\">\n                                                                                <div class=\"question accordion my-24\">\n                                <span class=\"question-title d-flex align-items-center\">MIS ON \u00dcHEKORDNE VEIP?<\/span>\n                                <div class=\"question-text hidden mt-8\"><p>\u00dchekordne veip on eelt\u00e4idetud mittelaetav veip, mis p\u00e4rast e-vedeliku otsa saamist visatakse \u00e4ra. Need on ideaalne valik neile, kes pole varem veipinud, kuna neid ei pea t\u00e4itma ega laadima. Lihtsalt t\u00f5mba ja ongi k\u00f5ik!<\/p>\n<\/div>\n                            <\/div>\n                                                                                <div class=\"question accordion my-24\">\n                                <span class=\"question-title d-flex align-items-center\">MIS ON SNOWMANI \u00dcHEKORDSELT KASUTATAVAD SEADMED?<\/span>\n                                <div class=\"question-text hidden mt-8\"><p>Snowmani \u00fchekordselt kasutatavad seadmed on kompaktsed, lihtsalt kasutatavad veibid, mis on eellaetud, et pakkuda \u00e4gedaid maitseelamusi! Iga Snowmani \u00fchekordselt kasutatav seade annab integreeritud aku abil kuni 600 m\u00f5nusat mahvi. Kui olete j\u00f5udnud 600 mahvi piirini, saab seadme lihtsalt \u00e4ra visata. Iga veibipulk sisaldab 2 ml vedelikku ja 20 mg nikotiini. Pakume laia valikut suurep\u00e4raseid maitseid, et tagada sobivus igale maitsele ja elustiilile!<\/p>\n<\/div>\n                            <\/div>\n                                                                                <div class=\"question accordion my-24\">\n                                <span class=\"question-title d-flex align-items-center\">KELLELE SOBIVAD SNOWMANI \u00dcHEKORDSED VEIBID?<\/span>\n                                <div class=\"question-text hidden mt-8\"><p>Snowmani \u00fchekordselt kasutatavaid veipe soovitatakse t\u00e4iskasvanutele, kes otsivad mugavat ja lihtsalt kasutatavat lahendust veipimiseks. Need sobivad eriti h\u00e4sti inimestele, kes pole varem veipinud v\u00f5i neile, kes otsivad kerget kaasaskantavat seadet.<\/p>\n<\/div>\n                            <\/div>\n                                                                                <div class=\"question accordion my-24\">\n                                <span class=\"question-title d-flex align-items-center\">KUIDAS SNOWMANI \u00dcHEKORDSED VEIBID T\u00d6\u00d6TAVAD?<\/span>\n                                <div class=\"question-text hidden mt-8\"><p>Snowmani veibid t\u00f6\u00f6tavad kohe karbist v\u00e4lja v\u00f5ttes. Neid pole vaja laadida ega uuesti e-vedelikuga t\u00e4ita. Iga seade on eelt\u00e4idetud e-vedelikuga ja toiteallikaks on sisseehitatud aku. Hinga lihtsalt huulikust sisse, et aktiveerida k\u00fctteelement, mis aurustab e-vedeliku, mille saad seej\u00e4rel sisse hingata. Kui e-vedelik on \u00e4ra kasutatud, mis juhtub tavaliselt umbes 600 mahvi j\u00e4rel, saab seadme \u00e4ra visata.<\/p>\n<\/div>\n                            <\/div>\n                                                                                <div class=\"question accordion my-24\">\n                                <span class=\"question-title d-flex align-items-center\">MILLISEID MAITSED ON SNOWMANI \u00dcHEKORDSETELE VEIPIDEL?<\/span>\n                                <div class=\"question-text hidden mt-8\"><p>Pakume laia valikut p\u00f5nevaid maitseid. Meie maitsete hulka kuuluvad tubakas, piparm\u00fcndij\u00e4\u00e4, koolaj\u00e4\u00e4, viinamarjaj\u00e4\u00e4, mustikaj\u00e4\u00e4, banaanij\u00e4\u00e4, topelt\u00f5un, kiivi-guajaavi-passion, mango-virsik, puuviljasegu, maasikas-kiivi, arbuus. Iga maitse on loodud k\u00f5rgeima kvaliteediga koostisosadest, et pakkuda rahuldavat ja m\u00f5nusat veipimise kogemust.<\/p>\n<\/div>\n                            <\/div>\n                                                                                <div class=\"question accordion my-24\">\n                                <span class=\"question-title d-flex align-items-center\">KAS SNOWMANI \u00dcHEKORDSED VEIBID ON OHUTUD?<\/span>\n                                <div class=\"question-text hidden mt-8\"><p>Jah, Snowmani \u00fchekordselt kasutatavad veibid on ohutud, kui neid kasutatakse vastavalt juhistele. Need on disainitud sisseehitatud turvaelementidega, et v\u00e4ltida \u00fclekuumenemist ja l\u00fchiste teket. Sellegipoolest on oluline meeles pidada, et veibid on m\u00f5eldud kasutamiseks t\u00e4iskasvanutele ning neid tuleks hoida lastele ja lemmikloomadele k\u00e4ttesaamatus kohas. Lisaks, nagu k\u00f5iki teisi nikotiinitooteid, ei tohiks ka neid kasutada rasedad v\u00f5i rinnaga toitvad isikud ega teatud terviseh\u00e4iretega inimesed. Tooted on m\u00f5eldud vastutustundlikult kasutamiseks ja \u00e4ra viskamiseks.<\/p>\n<\/div>\n                            <\/div>\n                                                                                <div class=\"question accordion my-24\">\n                                <span class=\"question-title d-flex align-items-center\">MIKS ON \u00dcHEKORDSED VEIBID NII POPULAARSED?<\/span>\n                                <div class=\"question-text hidden mt-8\"><p>\u00dchekordsed veibid, nagu Snowmani veibid, on populaarsust kogunud t\u00e4nu oma lihtsusele ja kasutusmugavusele. Need on eelt\u00e4idetud e-vedeliku ja t\u00e4ielikult laetud akuga, nii et sa ei pea veipi seadistama ega hooldama \u2013 lihtsalt ava pakend ja alusta veipimist. Need on kompaktsed ja kaasaskantavad, mist\u00f5ttu sobivad need ideaalselt liikvel olles.<\/p>\n<\/div>\n                            <\/div>\n                                                                                <div class=\"question accordion my-24\">\n                                <span class=\"question-title d-flex align-items-center\">KAS SNOWMANI \u00dcHEKORDSEID VEIPE SAAB UUESTI RINGLUSESSE SAATA?<\/span>\n                                <div class=\"question-text hidden mt-8\"><p>Kuigi me p\u00fc\u00fcame seada esikohale j\u00e4tkusuutlikkust, ei saa kasutatud komponentide olemuse t\u00f5ttu Snowmani \u00fchekordseid seadmeid panna tavalistesse pr\u00fcgikastidesse. Aku ja elektroonilised komponendid n\u00f5uavad erilist k\u00e4sitsemist. Sellegipoolest julgustame oma kliente oma kasutatud seadmeid vastutustundlikult \u00e4ra viskama, j\u00e4rgides kohalikke elektroonikaj\u00e4\u00e4tmetega seotud eeskirju.<\/p>\n<\/div>\n                            <\/div>\n                                                                                <div class=\"question accordion my-24\">\n                                <span class=\"question-title d-flex align-items-center\">MIKS SNOWMANI \u00dcHEKORDSED VEIBID MAITSEVAD PAREMINI KUI TEISED BR\u00c4NDID?<\/span>\n                                <div class=\"question-text hidden mt-8\"><p>Me Snowmanis oleme uhked, et pakume esmaklassilisi tooteid, mis pakuvad suurep\u00e4raseid maitseelamusi. Kasutame k\u00f5igis oma toodetes kvaliteetseid koostisosi ja viimistleme igat maitseprofiili parima v\u00f5imaliku maitse saavutamiseks. Meie veibitehnoloogia tagab ka selle, et iga mahv annab \u00fchtlase maitse. P\u00fchendumus kvaliteedile ja detailidele t\u00e4helepanu p\u00f6\u00f6ramine aitab meie \u00fchekordselt kasutatavatel veipidel teistest kaubam\u00e4rkidest eristuda ja pakkuda maitseelamust, mis on meie arvates teistest kaubam\u00e4rkidest parem.<\/p>\n<\/div>\n                            <\/div>\n                                            <\/div>\n                <\/div>\n            \n                            <div class=\"extra-text position-relative margin\">\n                    Loodame, et need vastused on olnud abiks. Kui teil on lisak\u00fcsimusi v\u00f5i muresid, v\u00f5tke meiega julgelt \u00fchendust.\n                                            <img decoding=\"async\" class=\"right-0 position-absolute\" src=\"https:\/\/snowman.eu\/wp-content\/uploads\/sites\/3\/2023\/06\/Additional_Logo.svg\" width=\"107\" height=\"90\" alt=\"\" \/>\n                                    <\/div>\n                    <\/div>\n    <\/div>\n<\/section>","protected":false},"excerpt":{"rendered":"","protected":false},"author":1,"featured_media":0,"parent":0,"menu_order":0,"comment_status":"closed","ping_status":"closed","template":"page-templates\/page-text.php","meta":{"_acf_changed":false,"rank_math_lock_modified_date":false,"footnotes":""},"class_list":["post-870","page","type-page","status-publish","hentry"],"acf":[],"_links":{"self":[{"href":"https:\/\/snowman.eu\/et\/wp-json\/wp\/v2\/pages\/870"}],"collection":[{"href":"https:\/\/snowman.eu\/et\/wp-json\/wp\/v2\/pages"}],"about":[{"href":"https:\/\/snowman.eu\/et\/wp-json\/wp\/v2\/types\/page"}],"author":[{"embeddable":true,"href":"https:\/\/snowman.eu\/et\/wp-json\/wp\/v2\/users\/1"}],"replies":[{"embeddable":true,"href":"https:\/\/snowman.eu\/et\/wp-json\/wp\/v2\/comments?post=870"}],"version-history":[{"count":6,"href":"https:\/\/snowman.eu\/et\/wp-json\/wp\/v2\/pages\/870\/revisions"}],"predecessor-version":[{"id":1095,"href":"https:\/\/snowman.eu\/et\/wp-json\/wp\/v2\/pages\/870\/revisions\/1095"}],"wp:attachment":[{"href":"https:\/\/snowman.eu\/et\/wp-json\/wp\/v2\/media?parent=870"}],"curies":[{"name":"wp","href":"https:\/\/api.w.org\/{rel}","templated":true}]}}