{"id":876,"date":"2023-06-21T10:09:45","date_gmt":"2023-06-21T07:09:45","guid":{"rendered":"https:\/\/snowman-multi.rktv.ee\/uk\/terms-and-conditions\/"},"modified":"2023-11-22T11:54:01","modified_gmt":"2023-11-22T08:54:01","slug":"kasutustingimused","status":"publish","type":"page","link":"https:\/\/snowman.eu\/et\/kasutustingimused\/","title":{"rendered":"Kasutustingimused"},"content":{"rendered":"<p>Oleme p\u00fchendunud teile parima v\u00f5imaliku kogemuse pakkumisele ning tahame olla kindlad, et m\u00f5istate meie kasutustingimusi ning n\u00f5ustute nendega. Meie veebisaiti kasutades ja meie tooteid ostes n\u00f5ustute j\u00e4rgmiste tingimustega:<\/p><p>1.\u00dcldtingimused<\/p><p>Meie veebisaiti kasutades v\u00f5i meie tooteid ostes n\u00f5ustute j\u00e4rgima neid tingimusi. J\u00e4tame endale \u00f5iguse neid tingimusi igal ajal ilma ette teatamata v\u00e4rskendada v\u00f5i muuta.<\/p><p>2. Tooteinfo<\/p><p>Snowman teeb k\u00f5ik endast oleneva, et pakkuda meie veebisaidil t\u00e4pset tooteinfot. Siiski ei saa me garanteerida selle teabe t\u00e4psust ega t\u00e4ielikkust ega vastuta vigade v\u00f5i puuduste eest.<\/p><p>3.Tellimine ja maksed<\/p><p>K\u00f5ik meie veebisaidil tehtud tellimused s\u00f5ltuvad tellimuse vastuv\u00f5tmisest ja kauba saadavusest. J\u00e4tame endale \u00f5iguse keelduda v\u00f5i t\u00fchistada mis tahes tellimus mis tahes p\u00f5hjusel. Aktsepteerime makseid krediitkaardi, PayPali ja Apple Payga. K\u00f5iki makseid t\u00f6\u00f6deldakse meie maksev\u00e4rava kaudu turvaliselt.<\/p><p>4. Kohaletoimetamine<\/p><p>Saadame tooteid valitud riikidesse \u00fcle maailma. Kohaletoimetamise tasud ja tarneajad s\u00f5ltuvad teie asukohast ja saatmisviisist, mille ostu vormistades valite. P\u00fc\u00fcame k\u00f5ik tellimused tarnida 1-2 t\u00f6\u00f6p\u00e4eva jooksul. Me ei vastuta teie riigis tekkida v\u00f5ivate tolli- v\u00f5i impordimaksude eest.<\/p><p>5. Tagastamine ja tagasimaksed<\/p><p>V\u00f5tame tagasi v\u00f5i vahetame \u00fcmber defektsed v\u00f5i kahjustunud tooted. Kui te ei ole oma ostuga rahul, v\u00f5tke meiega \u00fchendust 14 p\u00e4eva jooksul p\u00e4rast tellimuse k\u00e4ttesaamist, et algatada tagastamine v\u00f5i \u00fcmbervahetus. J\u00e4tame endale \u00f5iguse keelduda tagastamisest v\u00f5i \u00fcmbervahetamisest mis tahes p\u00f5hjusel.<\/p><p>6. Privaatsus ja andmekaitse<\/p><p>V\u00f5tame teie privaatsust ja andmete kaitset t\u00f5siselt. Kogume ja t\u00f6\u00f6tleme isikuandmeid vastavalt meie privaatsuspoliitikale, mida saate lugeda meie veebisaidilt.<\/p><p>7. Vastutuse piirang<\/p><p>Me ei vastuta kahjude eest, mis tulenevad meie veebisaidi v\u00f5i toodete kasutamisest, sealhulgas, kuid mitte ainult, otseste, kaudsete v\u00f5i juhuslike kahjude eest.<\/p><p>8. Seaduse reguleerimisala<\/p><p>Neid tingimusi reguleerivad EL seadused. K\u00f5ik nendest tingimustest tulenevad vaidlused lahendatakse EL-i kohtutes.<\/p>","protected":false},"excerpt":{"rendered":"Oleme p\u00fchendunud teile parima v\u00f5imaliku kogemuse pakkumisele ning tahame olla kindlad, et m\u00f5istate meie kasutustingimusi ning n\u00f5ustute nendega. Meie veebisaiti kasutades ja meie tooteid ostes n\u00f5ustute j\u00e4rgmiste tingimustega: 1.\u00dcldtingimused Meie veebisaiti kasutades v\u00f5i meie tooteid ostes n\u00f5ustute j\u00e4rgima neid tingimusi. J\u00e4tame endale \u00f5iguse neid tingimusi igal ajal ilma ette teatamata v\u00e4rskendada v\u00f5i muuta. 2. Tooteinfo [&hellip;]","protected":false},"author":1,"featured_media":0,"parent":0,"menu_order":0,"comment_status":"closed","ping_status":"closed","template":"page-templates\/page-text.php","meta":{"_acf_changed":false,"rank_math_lock_modified_date":false,"footnotes":""},"class_list":["post-876","page","type-page","status-publish","hentry"],"acf":[],"_links":{"self":[{"href":"https:\/\/snowman.eu\/et\/wp-json\/wp\/v2\/pages\/876"}],"collection":[{"href":"https:\/\/snowman.eu\/et\/wp-json\/wp\/v2\/pages"}],"about":[{"href":"https:\/\/snowman.eu\/et\/wp-json\/wp\/v2\/types\/page"}],"author":[{"embeddable":true,"href":"https:\/\/snowman.eu\/et\/wp-json\/wp\/v2\/users\/1"}],"replies":[{"embeddable":true,"href":"https:\/\/snowman.eu\/et\/wp-json\/wp\/v2\/comments?post=876"}],"version-history":[{"count":18,"href":"https:\/\/snowman.eu\/et\/wp-json\/wp\/v2\/pages\/876\/revisions"}],"predecessor-version":[{"id":1092,"href":"https:\/\/snowman.eu\/et\/wp-json\/wp\/v2\/pages\/876\/revisions\/1092"}],"wp:attachment":[{"href":"https:\/\/snowman.eu\/et\/wp-json\/wp\/v2\/media?parent=876"}],"curies":[{"name":"wp","href":"https:\/\/api.w.org\/{rel}","templated":true}]}}